{"id":102,"date":"2024-09-29T16:06:33","date_gmt":"2024-09-29T16:06:33","guid":{"rendered":"http:\/\/www.uncleandauntyhouse.com\/?page_id=102"},"modified":"2025-11-29T16:02:20","modified_gmt":"2025-11-29T16:02:20","slug":"home","status":"publish","type":"page","link":"https:\/\/www.uncleandauntyhouse.com\/de\/","title":{"rendered":"Startseite"},"content":{"rendered":"<div data-elementor-type=\"wp-page\" data-elementor-id=\"102\" class=\"elementor elementor-102\" data-elementor-post-type=\"page\">\n\t\t\t\t<div class=\"elementor-element elementor-element-29e7b41e e-flex e-con-boxed e-con e-parent\" data-id=\"29e7b41e\" data-element_type=\"container\">\n\t\t\t\t\t<div class=\"e-con-inner\">\n\t\t\t\t<div class=\"elementor-element elementor-element-52ca1f70 elementor-widget elementor-widget-text-editor\" data-id=\"52ca1f70\" data-element_type=\"widget\" data-widget_type=\"text-editor.default\">\n\t\t\t\t<div class=\"elementor-widget-container\">\n\t\t\t\t\t\t\t\t\t<p>Entdecken Sie die harmonische Verbindung von kulinarischer Kunst und ganzheitlichem Wohlbefinden in unseren Thai-Kochkursen. Inspiriert vom Zentrum f\u00fcr traditionelle thail\u00e4ndische Medizin bieten wir ein einzigartiges Lernerlebnis, das weit \u00fcber den klassischen Kochunterricht hinausgeht. Tauchen Sie ein in die reiche Vielfalt der thail\u00e4ndischen K\u00fcche, erkunden Sie die medizinischen Vorteile von Kr\u00e4utern und Gew\u00fcrzen und meistern Sie authentische Kochtechniken. Unsere Kurse f\u00f6rdern eine warme und einladende famili\u00e4re Atmosph\u00e4re und schaffen Raum f\u00fcr kulinarische Entdeckungen und kulturelles Eintauchen. Begleiten Sie uns, wenn wir die Geheimnisse thail\u00e4ndischer Aromen entdecken und sowohl Ihren Gaumen als auch Ihr Wohlbefinden im \u201eUncle and Aunty Cooking Home\u201c verw\u00f6hnen.<\/p>\t\t\t\t\t\t\t\t<\/div>\n\t\t\t\t<\/div>\n\t\t\t\t\t<\/div>\n\t\t\t\t<\/div>\n\t\t<div class=\"elementor-element elementor-element-3a554b6 e-flex e-con-boxed e-con e-parent\" data-id=\"3a554b6\" data-element_type=\"container\">\n\t\t\t\t\t<div class=\"e-con-inner\">\n\t\t<div class=\"elementor-element elementor-element-778af48 e-con-full e-flex e-con e-child\" data-id=\"778af48\" data-element_type=\"container\">\n\t\t\t\t<div class=\"elementor-element elementor-element-b56b1e2 elementor-widget elementor-widget-image\" data-id=\"b56b1e2\" data-element_type=\"widget\" data-widget_type=\"image.default\">\n\t\t\t\t<div class=\"elementor-widget-container\">\n\t\t\t\t\t\t\t\t\t\t\t\t\t\t\t<img fetchpriority=\"high\" decoding=\"async\" width=\"946\" height=\"960\" src=\"https:\/\/www.uncleandauntyhouse.com\/wp-content\/uploads\/2024\/10\/Sunee.jpg\" class=\"attachment-large size-large wp-image-386\" alt=\"\" srcset=\"https:\/\/www.uncleandauntyhouse.com\/wp-content\/uploads\/2024\/10\/Sunee.jpg 946w, https:\/\/www.uncleandauntyhouse.com\/wp-content\/uploads\/2024\/10\/Sunee-100x100.jpg 100w, https:\/\/www.uncleandauntyhouse.com\/wp-content\/uploads\/2024\/10\/Sunee-600x609.jpg 600w, https:\/\/www.uncleandauntyhouse.com\/wp-content\/uploads\/2024\/10\/Sunee-296x300.jpg 296w, https:\/\/www.uncleandauntyhouse.com\/wp-content\/uploads\/2024\/10\/Sunee-768x779.jpg 768w\" sizes=\"(max-width: 946px) 100vw, 946px\" \/>\t\t\t\t\t\t\t\t\t\t\t\t\t\t\t<\/div>\n\t\t\t\t<\/div>\n\t\t\t\t<div class=\"elementor-element elementor-element-ec091be elementor-widget elementor-widget-text-editor\" data-id=\"ec091be\" data-element_type=\"widget\" data-widget_type=\"text-editor.default\">\n\t\t\t\t<div class=\"elementor-widget-container\">\n\t\t\t\t\t\t\t\t\t<p>SUNEE\u00a0 PIANNGAM<\/p><p>Direktor des Thai Traditional Medicine Development Center, Ban Ton Boon<\/p>\t\t\t\t\t\t\t\t<\/div>\n\t\t\t\t<\/div>\n\t\t\t\t<\/div>\n\t\t<div class=\"elementor-element elementor-element-16d7969 e-con-full e-flex e-con e-child\" data-id=\"16d7969\" data-element_type=\"container\">\n\t\t\t\t<div class=\"elementor-element elementor-element-af4db60 elementor-widget elementor-widget-image\" data-id=\"af4db60\" data-element_type=\"widget\" data-widget_type=\"image.default\">\n\t\t\t\t<div class=\"elementor-widget-container\">\n\t\t\t\t\t\t\t\t\t\t\t\t\t\t\t<img decoding=\"async\" width=\"1024\" height=\"1024\" src=\"https:\/\/www.uncleandauntyhouse.com\/wp-content\/uploads\/2025\/03\/Carbon-Credit-1024x1024.jpg\" class=\"attachment-large size-large wp-image-797\" alt=\"Carbon Credit Logo\" srcset=\"\" sizes=\"(max-width: 1024px) 100vw, 1024px\" data-srcset=\"\" \/>\t\t\t\t\t\t\t\t\t\t\t\t\t\t\t<\/div>\n\t\t\t\t<\/div>\n\t\t\t\t<\/div>\n\t\t<div class=\"elementor-element elementor-element-948b4d7 e-con-full e-flex e-con e-child\" data-id=\"948b4d7\" data-element_type=\"container\">\n\t\t\t\t<div class=\"elementor-element elementor-element-61541f1 elementor-widget elementor-widget-heading\" data-id=\"61541f1\" data-element_type=\"widget\" data-widget_type=\"heading.default\">\n\t\t\t\t<div class=\"elementor-widget-container\">\n\t\t\t\t\t<h2 class=\"elementor-heading-title elementor-size-default\"><br><br><br><br><br>Wir werden vollst\u00e4ndig klimaneutral.<\/h2>\t\t\t\t<\/div>\n\t\t\t\t<\/div>\n\t\t\t\t<\/div>\n\t\t\t\t\t<\/div>\n\t\t\t\t<\/div>\n\t\t\t\t<\/div>","protected":false},"excerpt":{"rendered":"<p>Discover the harmonious blend of culinary artistry and holistic wellness in our Thai cooking classes. Drawing inspiration from the Thai Traditional Medicine Center, we offer a unique learning experience that goes beyond traditional cooking instruction. Immerse yourself in the rich tapestry of Thai cuisine, exploring&nbsp;<a class=\"read-more\" href=\"https:\/\/www.uncleandauntyhouse.com\/de\/\">&hellip;<\/a><\/p>","protected":false},"author":1,"featured_media":0,"parent":0,"menu_order":0,"comment_status":"closed","ping_status":"closed","template":"","meta":{"footnotes":""},"class_list":["post-102","page","type-page","status-publish","hentry"],"_links":{"self":[{"href":"https:\/\/www.uncleandauntyhouse.com\/de\/wp-json\/wp\/v2\/pages\/102","targetHints":{"allow":["GET"]}}],"collection":[{"href":"https:\/\/www.uncleandauntyhouse.com\/de\/wp-json\/wp\/v2\/pages"}],"about":[{"href":"https:\/\/www.uncleandauntyhouse.com\/de\/wp-json\/wp\/v2\/types\/page"}],"author":[{"embeddable":true,"href":"https:\/\/www.uncleandauntyhouse.com\/de\/wp-json\/wp\/v2\/users\/1"}],"replies":[{"embeddable":true,"href":"https:\/\/www.uncleandauntyhouse.com\/de\/wp-json\/wp\/v2\/comments?post=102"}],"version-history":[{"count":119,"href":"https:\/\/www.uncleandauntyhouse.com\/de\/wp-json\/wp\/v2\/pages\/102\/revisions"}],"predecessor-version":[{"id":1612,"href":"https:\/\/www.uncleandauntyhouse.com\/de\/wp-json\/wp\/v2\/pages\/102\/revisions\/1612"}],"wp:attachment":[{"href":"https:\/\/www.uncleandauntyhouse.com\/de\/wp-json\/wp\/v2\/media?parent=102"}],"curies":[{"name":"wp","href":"https:\/\/api.w.org\/{rel}","templated":true}]}}