{"id":1461,"date":"2025-10-12T22:20:53","date_gmt":"2025-10-12T22:20:53","guid":{"rendered":"https:\/\/www.uncleandauntyhouse.com\/?page_id=1461"},"modified":"2025-11-12T16:33:32","modified_gmt":"2025-11-12T16:33:32","slug":"ciy-pineapple-fried-rice-class-hua-hin-16-nov-2025","status":"publish","type":"page","link":"https:\/\/www.uncleandauntyhouse.com\/de\/activities-list\/ciy-pineapple-fried-rice-class-hua-hin-16-nov-2025\/","title":{"rendered":"CIY \u2013 Ananas-Bratreis-Kurs (Hua Hin) | 16. Nov. 2025"},"content":{"rendered":"<div data-elementor-type=\"wp-page\" data-elementor-id=\"1461\" class=\"elementor elementor-1461\" data-elementor-post-type=\"page\">\n\t\t\t\t<div class=\"elementor-element elementor-element-5729049f e-flex e-con-boxed e-con e-parent\" data-id=\"5729049f\" data-element_type=\"container\">\n\t\t\t\t\t<div class=\"e-con-inner\">\n\t\t\t\t<div class=\"elementor-element elementor-element-7c9c1fdf elementor-widget elementor-widget-text-editor\" data-id=\"7c9c1fdf\" data-element_type=\"widget\" data-widget_type=\"text-editor.default\">\n\t\t\t\t<div class=\"elementor-widget-container\">\n\t\t\t\t\t\t\t\t\t<p><script>\n  if (typeof hasAmeliaEntitiesApiCall === 'undefined' && ('' === '' && '' !== '1')) {\n    var hasAmeliaEntitiesApiCall = true;\n  }\n  var ameliaShortcodeData = (typeof ameliaShortcodeData === 'undefined') ? [] : ameliaShortcodeData;\n  ameliaShortcodeData.push(\n    {\n      'hasApiCall': (typeof hasAmeliaEntitiesApiCall !== 'undefined') && hasAmeliaEntitiesApiCall,\n      'trigger': '',\n      'trigger_type': '',\n      'triggered_form': 'sbsNew',\n      'in_dialog': '',\n      'show': '',\n      'counter': '1000',\n      'category': '',\n      'service': '3',\n      'employee': '',\n      'location': '',\n      'package': '',\n      'layout': '',\n    }\n  );<\/p>\n<p>  var ameliaShortcodeDataTriggered = (typeof ameliaShortcodeDataTriggered === 'undefined') ? [] : ameliaShortcodeDataTriggered;\n  if (ameliaShortcodeData[ameliaShortcodeData.length - 1].trigger !== '') {\n    if (ameliaShortcodeDataTriggered.filter(a => a.counter === ameliaShortcodeData[ameliaShortcodeData.length - 1].counter).length === 0) {\n      ameliaShortcodeDataTriggered.push(ameliaShortcodeData.pop());\n    } else {\n      ameliaShortcodeData.pop()\n    }\n  }\n  if (typeof hasAmeliaEntitiesApiCall !== 'undefined' && hasAmeliaEntitiesApiCall) {\n    hasAmeliaEntitiesApiCall = false;\n  }\n<\/script><\/p>\n<div\n  id=\"amelia-v2-booking-1000\"\n  class=\"amelia-v2-booking\"\n ><br \/>\n    <step-form-wrapper><\/step-form-wrapper><\/div>\n\t\t\t\t\t\t\t\t<\/div>\n\t\t\t\t<\/div>\n\t\t\t\t\t<\/div>\n\t\t\t\t<\/div>\n\t\t<div class=\"elementor-element elementor-element-cd9a334 e-flex e-con-boxed e-con e-parent\" data-id=\"cd9a334\" data-element_type=\"container\">\n\t\t\t\t\t<div class=\"e-con-inner\">\n\t\t\t\t<div class=\"elementor-element elementor-element-1f35a38 elementor-widget elementor-widget-image\" data-id=\"1f35a38\" data-element_type=\"widget\" data-widget_type=\"image.default\">\n\t\t\t\t<div class=\"elementor-widget-container\">\n\t\t\t\t\t\t\t\t\t\t\t\t\t\t\t<img fetchpriority=\"high\" decoding=\"async\" width=\"1024\" height=\"768\" src=\"https:\/\/www.uncleandauntyhouse.com\/wp-content\/uploads\/2025\/11\/580474634_1231898192294218_2129527149068540787_n-1024x768.jpg\" class=\"attachment-large size-large wp-image-1489\" alt=\"Guests holding pineapple fried rice during Thai cooking class at Baan Suan Hin Lek Fai, Hua Hin. A fun and family-style culinary experience with Uncle and Aunty House.\" srcset=\"\" sizes=\"(max-width: 1024px) 100vw, 1024px\" data-srcset=\"\" \/>\t\t\t\t\t\t\t\t\t\t\t\t\t\t\t<\/div>\n\t\t\t\t<\/div>\n\t\t\t\t\t<\/div>\n\t\t\t\t<\/div>\n\t\t<div class=\"elementor-element elementor-element-42253da e-flex e-con-boxed e-con e-parent\" data-id=\"42253da\" data-element_type=\"container\">\n\t\t\t\t\t<div class=\"e-con-inner\">\n\t\t<div class=\"elementor-element elementor-element-3dcce8b e-con-full e-flex e-con e-child\" data-id=\"3dcce8b\" data-element_type=\"container\">\n\t\t\t\t<div class=\"elementor-element elementor-element-91174a9 elementor-widget elementor-widget-image\" data-id=\"91174a9\" data-element_type=\"widget\" data-widget_type=\"image.default\">\n\t\t\t\t<div class=\"elementor-widget-container\">\n\t\t\t\t\t\t\t\t\t\t\t\t\t\t\t<img decoding=\"async\" width=\"768\" height=\"1024\" src=\"https:\/\/www.uncleandauntyhouse.com\/wp-content\/uploads\/2025\/11\/581859690_1231898318960872_8952131401535511157_n-768x1024.jpg\" class=\"attachment-large size-large wp-image-1488\" alt=\"Pineapple Fried Rice served in a pineapple shell \u2013 Thai cooking class at Baan Suan Hin Lek Fai, Hua Hin.\" srcset=\"\" sizes=\"(max-width: 768px) 100vw, 768px\" data-srcset=\"\" \/>\t\t\t\t\t\t\t\t\t\t\t\t\t\t\t<\/div>\n\t\t\t\t<\/div>\n\t\t\t\t<\/div>\n\t\t<div class=\"elementor-element elementor-element-74fd1e1 e-con-full e-flex e-con e-child\" data-id=\"74fd1e1\" data-element_type=\"container\">\n\t\t\t\t<\/div>\n\t\t<div class=\"elementor-element elementor-element-8bb0b98 e-con-full e-flex e-con e-child\" data-id=\"8bb0b98\" data-element_type=\"container\">\n\t\t\t\t<\/div>\n\t\t<div class=\"elementor-element elementor-element-26e815b e-con-full e-flex e-con e-child\" data-id=\"26e815b\" data-element_type=\"container\">\n\t\t\t\t<\/div>\n\t\t<div class=\"elementor-element elementor-element-cb7d7ac e-con-full e-flex e-con e-child\" data-id=\"cb7d7ac\" data-element_type=\"container\">\n\t\t\t\t<\/div>\n\t\t<div class=\"elementor-element elementor-element-954a1af e-con-full e-flex e-con e-child\" data-id=\"954a1af\" data-element_type=\"container\">\n\t\t\t\t<\/div>\n\t\t\t\t\t<\/div>\n\t\t\t\t<\/div>\n\t\t<div class=\"elementor-element elementor-element-485719a e-flex e-con-boxed e-con e-parent\" data-id=\"485719a\" data-element_type=\"container\">\n\t\t\t\t\t<div class=\"e-con-inner\">\n\t\t\t\t<div class=\"elementor-element elementor-element-0c2cb4f elementor-widget elementor-widget-text-editor\" data-id=\"0c2cb4f\" data-element_type=\"widget\" data-widget_type=\"text-editor.default\">\n\t\t\t\t<div class=\"elementor-widget-container\">\n\t\t\t\t\t\t\t\t\t<h3 data-start=\"241\" data-end=\"304\">\ud83c\udf4d <strong data-start=\"248\" data-end=\"302\">Ananas-Bratreis-Kurs \u2013 Hua Hin (16. November 2025)<\/strong><\/h3>\n<p data-start=\"305\" data-end=\"598\">Schlie\u00dft euch unserer gem\u00fctlichen und freundlichen <strong data-start=\"332\" data-end=\"354\">Thai-Kochkurs<\/strong> bei <em data-start=\"358\" data-end=\"390\">Baan Suan Hin Lek Fai, Hua Hin<\/em>.<br data-start=\"391\" data-end=\"394\" \/>Lernt, wie man kocht <strong data-start=\"412\" data-end=\"436\">Ananas-Bratreis<\/strong> mit frisch gepfl\u00fcckten Ananas aus unserem eigenen Garten.<br data-start=\"489\" data-end=\"492\" \/>Genie\u00dft einen entspannten Nachmittag inmitten der Natur, umgeben von Kr\u00e4utern, L\u00e4cheln und k\u00f6stlichem thail\u00e4ndischem Essen. \ud83c\udf3f\u2728<\/p>\t\t\t\t\t\t\t\t<\/div>\n\t\t\t\t<\/div>\n\t\t\t\t\t<\/div>\n\t\t\t\t<\/div>\n\t\t<div class=\"elementor-element elementor-element-8c2ab17 e-flex e-con-boxed e-con e-parent\" data-id=\"8c2ab17\" data-element_type=\"container\">\n\t\t\t\t\t<div class=\"e-con-inner\">\n\t\t\t\t<div class=\"elementor-element elementor-element-2d6f735 elementor-widget elementor-widget-text-editor\" data-id=\"2d6f735\" data-element_type=\"widget\" data-widget_type=\"text-editor.default\">\n\t\t\t\t<div class=\"elementor-widget-container\">\n\t\t\t\t\t\t\t\t\t<h3 data-start=\"605\" data-end=\"632\">\ud83d\udd0d <strong data-start=\"612\" data-end=\"630\">WAS DU MACHEN WIRST<\/strong><\/h3>\n<ul data-start=\"633\" data-end=\"1004\">\n<li data-start=\"633\" data-end=\"701\">\n<p data-start=\"635\" data-end=\"701\">Spaziert durch unseren <strong data-start=\"652\" data-end=\"672\">Ananasgarten<\/strong> und pfl\u00fcckt euer eigenes Obst \ud83c\udf4d<\/p>\n<\/li>\n<li data-start=\"702\" data-end=\"766\">\n<p data-start=\"704\" data-end=\"766\">Lernt Schritt f\u00fcr Schritt, wie man kocht <strong data-start=\"735\" data-end=\"764\">Thail\u00e4ndischer Ananas-Bratreis<\/strong><\/p>\n<\/li>\n<li data-start=\"767\" data-end=\"839\">\n<p data-start=\"769\" data-end=\"839\">Genie\u00dft eine erfrischende <strong data-start=\"788\" data-end=\"818\">Schmetterlingserbsen-Kr\u00e4utergetr\u00e4nk<\/strong> aus unserem Garten \ud83e\uded6<\/p>\n<\/li>\n<li data-start=\"840\" data-end=\"932\">\n<p data-start=\"842\" data-end=\"932\">Beendet den Kurs mit einer s\u00fc\u00dfen Leckerei \u2014 <strong data-start=\"877\" data-end=\"927\">K\u00fcrbis in Kokosmilch (Fak Thong Kaeng Buat)<\/strong> \ud83c\udf70<\/p>\n<\/li>\n<li data-start=\"933\" data-end=\"1004\">\n<p data-start=\"935\" data-end=\"1004\">Erlebt eine warme, famili\u00e4re Atmosph\u00e4re mit thail\u00e4ndischer Gastfreundschaft \ud83d\udc9b<\/p>\n<\/li>\n<\/ul>\t\t\t\t\t\t\t\t<\/div>\n\t\t\t\t<\/div>\n\t\t\t\t\t<\/div>\n\t\t\t\t<\/div>\n\t\t<div class=\"elementor-element elementor-element-f1a4b65 e-flex e-con-boxed e-con e-parent\" data-id=\"f1a4b65\" data-element_type=\"container\">\n\t\t\t\t\t<div class=\"e-con-inner\">\n\t\t\t\t<div class=\"elementor-element elementor-element-8fabf56 elementor-widget elementor-widget-text-editor\" data-id=\"8fabf56\" data-element_type=\"widget\" data-widget_type=\"text-editor.default\">\n\t\t\t\t<div class=\"elementor-widget-container\">\n\t\t\t\t\t\t\t\t\t<h3 data-start=\"1832\" data-end=\"1848\">\ud83d\udcb0 <strong data-start=\"1839\" data-end=\"1848\">Preis<\/strong><\/h3>\n<p data-start=\"1849\" data-end=\"1937\"><strong data-start=\"1849\" data-end=\"1869\">899 THB pro Person<\/strong><br data-start=\"1869\" data-end=\"1872\" \/><br \/><\/p>\t\t\t\t\t\t\t\t<\/div>\n\t\t\t\t<\/div>\n\t\t\t\t\t<\/div>\n\t\t\t\t<\/div>\n\t\t<div class=\"elementor-element elementor-element-abc9dfd e-flex e-con-boxed e-con e-parent\" data-id=\"abc9dfd\" data-element_type=\"container\">\n\t\t\t\t\t<div class=\"e-con-inner\">\n\t\t\t\t<div class=\"elementor-element elementor-element-2905e54 elementor-widget elementor-widget-text-editor\" data-id=\"2905e54\" data-element_type=\"widget\" data-widget_type=\"text-editor.default\">\n\t\t\t\t<div class=\"elementor-widget-container\">\n\t\t\t\t\t\t\t\t\t<h3 data-start=\"1944\" data-end=\"1963\">\ud83d\udd52 <strong data-start=\"1951\" data-end=\"1963\">Ablauf<\/strong><\/h3>\n<p data-start=\"1964\" data-end=\"2023\">Sonntag, 16.<strong data-start=\"1973\" data-end=\"1992\"> November 2025<\/strong><br data-start=\"1992\" data-end=\"1995\" \/>Uhrzeit: <strong data-start=\"2001\" data-end=\"2023\">14:00 \u2013 17:00<\/strong><\/p>\t\t\t\t\t\t\t\t<\/div>\n\t\t\t\t<\/div>\n\t\t\t\t\t<\/div>\n\t\t\t\t<\/div>\n\t\t<div class=\"elementor-element elementor-element-05f77c1 e-flex e-con-boxed e-con e-parent\" data-id=\"05f77c1\" data-element_type=\"container\">\n\t\t\t\t\t<div class=\"e-con-inner\">\n\t\t\t\t<div class=\"elementor-element elementor-element-e344ba8 elementor-widget elementor-widget-text-editor\" data-id=\"e344ba8\" data-element_type=\"widget\" data-widget_type=\"text-editor.default\">\n\t\t\t\t<div class=\"elementor-widget-container\">\n\t\t\t\t\t\t\t\t\t<h3 data-start=\"2030\" data-end=\"2049\">\ud83d\udccd <strong data-start=\"2037\" data-end=\"2049\">Ort<\/strong><\/h3>\n<p data-start=\"2050\" data-end=\"2113\"><a href=\"https:\/\/maps.app.goo.gl\/7VAEHdhU1Ho2YV3q8\" target=\"_blank\" rel=\"noopener\"><strong data-start=\"2050\" data-end=\"2075\">Baan Suan Hin Lek Fai<\/strong>,<\/a> Hua Hin<br data-start=\"2084\" data-end=\"2087\" \/>7 km von Wat Huay Mongkol<\/p>\t\t\t\t\t\t\t\t<\/div>\n\t\t\t\t<\/div>\n\t\t\t\t\t<\/div>\n\t\t\t\t<\/div>\n\t\t<div class=\"elementor-element elementor-element-e57d2ab e-flex e-con-boxed e-con e-parent\" data-id=\"e57d2ab\" data-element_type=\"container\">\n\t\t\t\t\t<div class=\"e-con-inner\">\n\t\t\t\t<div class=\"elementor-element elementor-element-025ccaa elementor-widget elementor-widget-text-editor\" data-id=\"025ccaa\" data-element_type=\"widget\" data-widget_type=\"text-editor.default\">\n\t\t\t\t<div class=\"elementor-widget-container\">\n\t\t\t\t\t\t\t\t\t<h3 data-start=\"2120\" data-end=\"2138\">\ud83d\udcde <strong data-start=\"2127\" data-end=\"2138\">Kontakt<\/strong><\/h3>\n<p data-start=\"2139\" data-end=\"2220\">Line \/ WhatsApp: <strong data-start=\"2156\" data-end=\"2173\">+66 819730829<\/strong><br data-start=\"2173\" data-end=\"2176\" \/>Email: <strong data-start=\"2183\" data-end=\"2220\"><a class=\"decorated-link cursor-pointer\" rel=\"noopener\" data-start=\"2185\" data-end=\"2218\">info.uncleandauntyhouse@gmail.com<\/a><\/strong><\/p>\t\t\t\t\t\t\t\t<\/div>\n\t\t\t\t<\/div>\n\t\t\t\t\t<\/div>\n\t\t\t\t<\/div>\n\t\t<div class=\"elementor-element elementor-element-36e12a9 e-flex e-con-boxed e-con e-parent\" data-id=\"36e12a9\" data-element_type=\"container\">\n\t\t\t\t\t<div class=\"e-con-inner\">\n\t\t\t\t<div class=\"elementor-element elementor-element-286fcd2 elementor-widget elementor-widget-text-editor\" data-id=\"286fcd2\" data-element_type=\"widget\" data-widget_type=\"text-editor.default\">\n\t\t\t\t<div class=\"elementor-widget-container\">\n\t\t\t\t\t\t\t\t\t<div style=\"text-align: center; background-color: #fff9f0; border: 2px solid #f7d794; border-radius: 12px; padding: 18px; box-shadow: 0 2px 10px rgba(0,0,0,0.05);\">\n<p style=\"font-size: 20px; color: #e17055; font-weight: bold; margin-bottom: 10px;\">\ud83d\udd25 Begrenzte Pl\u00e4tze verf\u00fcgbar!<\/p>\n<p style=\"font-size: 16px; color: #2d3436; margin-bottom: 12px;\">Dieser spezielle Kurs wird f\u00fcr \u2026 abgehalten <strong style=\"color: #d35400;\">Nur an einem Tag \u2013 16. November 2025<\/strong><\/p>\n<p style=\"font-size: 17px; color: #2d3436; font-weight: 500;\">\u270f\ufe0f <strong style=\"color: #0984e3;\">Sichert euch jetzt euren Platz!<\/strong> und nehmt an einer spa\u00dfigen, praxisnahen Erfahrung teil, indem ihr den untenstehenden Button benutzt <span style=\"color: #f39c12;\">\ud83d\udc47<\/span><\/p>\n<\/div>\t\t\t\t\t\t\t\t<\/div>\n\t\t\t\t<\/div>\n\t\t\t\t\t<\/div>\n\t\t\t\t<\/div>\n\t\t<div class=\"elementor-element elementor-element-6717666 e-flex e-con-boxed e-con e-parent\" data-id=\"6717666\" data-element_type=\"container\">\n\t\t\t\t\t<div class=\"e-con-inner\">\n\t\t\t\t<div class=\"elementor-element elementor-element-8701b77 elementor-widget elementor-widget-shortcode\" data-id=\"8701b77\" data-element_type=\"widget\" data-widget_type=\"shortcode.default\">\n\t\t\t\t<div class=\"elementor-widget-container\">\n\t\t\t\t\t\t\t<div class=\"elementor-shortcode\">\n<script>\n  if (typeof hasAmeliaEntitiesApiCall === 'undefined' && ('' === '' && '' !== '1')) {\n    var hasAmeliaEntitiesApiCall = true;\n  }\n  var ameliaShortcodeData = (typeof ameliaShortcodeData === 'undefined') ? [] : ameliaShortcodeData;\n  ameliaShortcodeData.push(\n    {\n      'hasApiCall': (typeof hasAmeliaEntitiesApiCall !== 'undefined') && hasAmeliaEntitiesApiCall,\n      'trigger': '',\n      'trigger_type': '',\n      'triggered_form': 'sbsNew',\n      'in_dialog': '',\n      'show': '',\n      'counter': '1001',\n      'category': '',\n      'service': '3',\n      'employee': '',\n      'location': '',\n      'package': '',\n      'layout': '',\n    }\n  );\n\n  var ameliaShortcodeDataTriggered = (typeof ameliaShortcodeDataTriggered === 'undefined') ? [] : ameliaShortcodeDataTriggered;\n  if (ameliaShortcodeData[ameliaShortcodeData.length - 1].trigger !== '') {\n    if (ameliaShortcodeDataTriggered.filter(a => a.counter === ameliaShortcodeData[ameliaShortcodeData.length - 1].counter).length === 0) {\n      ameliaShortcodeDataTriggered.push(ameliaShortcodeData.pop());\n    } else {\n      ameliaShortcodeData.pop()\n    }\n  }\n  if (typeof hasAmeliaEntitiesApiCall !== 'undefined' && hasAmeliaEntitiesApiCall) {\n    hasAmeliaEntitiesApiCall = false;\n  }\n<\/script>\n\n<div\n  id=\"amelia-v2-booking-1001\"\n  class=\"amelia-v2-booking\"\n >\n    <step-form-wrapper><\/step-form-wrapper><\/div>\n\n\n<\/div>\n\t\t\t\t\t\t<\/div>\n\t\t\t\t<\/div>\n\t\t\t\t\t<\/div>\n\t\t\t\t<\/div>\n\t\t\t\t<\/div>","protected":false},"excerpt":{"rendered":"<p>\ud83c\udf4d Pineapple Fried Rice Class \u2013 Hua Hin (16 Nov 2025) Join our cozy and friendly Thai cooking class at Baan Suan Hin Lek Fai, Hua Hin.Learn how to cook Pineapple Fried Rice using freshly picked pineapples from our own garden.Enjoy a relaxing afternoon surrounded&nbsp;<a class=\"read-more\" href=\"https:\/\/www.uncleandauntyhouse.com\/de\/activities-list\/ciy-pineapple-fried-rice-class-hua-hin-16-nov-2025\/\">&hellip;<\/a><\/p>","protected":false},"author":1,"featured_media":0,"parent":79,"menu_order":0,"comment_status":"closed","ping_status":"closed","template":"","meta":{"footnotes":""},"class_list":["post-1461","page","type-page","status-publish","hentry"],"_links":{"self":[{"href":"https:\/\/www.uncleandauntyhouse.com\/de\/wp-json\/wp\/v2\/pages\/1461","targetHints":{"allow":["GET"]}}],"collection":[{"href":"https:\/\/www.uncleandauntyhouse.com\/de\/wp-json\/wp\/v2\/pages"}],"about":[{"href":"https:\/\/www.uncleandauntyhouse.com\/de\/wp-json\/wp\/v2\/types\/page"}],"author":[{"embeddable":true,"href":"https:\/\/www.uncleandauntyhouse.com\/de\/wp-json\/wp\/v2\/users\/1"}],"replies":[{"embeddable":true,"href":"https:\/\/www.uncleandauntyhouse.com\/de\/wp-json\/wp\/v2\/comments?post=1461"}],"version-history":[{"count":23,"href":"https:\/\/www.uncleandauntyhouse.com\/de\/wp-json\/wp\/v2\/pages\/1461\/revisions"}],"predecessor-version":[{"id":1494,"href":"https:\/\/www.uncleandauntyhouse.com\/de\/wp-json\/wp\/v2\/pages\/1461\/revisions\/1494"}],"up":[{"embeddable":true,"href":"https:\/\/www.uncleandauntyhouse.com\/de\/wp-json\/wp\/v2\/pages\/79"}],"wp:attachment":[{"href":"https:\/\/www.uncleandauntyhouse.com\/de\/wp-json\/wp\/v2\/media?parent=1461"}],"curies":[{"name":"wp","href":"https:\/\/api.w.org\/{rel}","templated":true}]}}