{"id":89,"date":"2024-08-22T03:21:25","date_gmt":"2024-08-22T03:21:25","guid":{"rendered":"http:\/\/www.uncleandauntyhouse.com\/?page_id=89"},"modified":"2025-08-21T13:59:54","modified_gmt":"2025-08-21T13:59:54","slug":"about-us","status":"publish","type":"page","link":"https:\/\/www.uncleandauntyhouse.com\/de\/about-us\/","title":{"rendered":"\u00dcber uns"},"content":{"rendered":"<div data-elementor-type=\"wp-page\" data-elementor-id=\"89\" class=\"elementor elementor-89\" data-elementor-post-type=\"page\">\n\t\t\t\t<div class=\"elementor-element elementor-element-1a60bd0 e-flex e-con-boxed e-con e-parent\" data-id=\"1a60bd0\" data-element_type=\"container\">\n\t\t\t\t\t<div class=\"e-con-inner\">\n\t\t\t\t<div class=\"elementor-element elementor-element-68c8c94 elementor-widget elementor-widget-text-editor\" data-id=\"68c8c94\" data-element_type=\"widget\" data-widget_type=\"text-editor.default\">\n\t\t\t\t<div class=\"elementor-widget-container\">\n\t\t\t\t\t\t\t\t\t<p data-start=\"556\" data-end=\"828\"><strong data-start=\"556\" data-end=\"585\">Warum wir so kochen, wie wir es tun<\/strong><br data-start=\"585\" data-end=\"588\" \/>Wenn das Gesch\u00e4ft hart wird, zahlt unser K\u00f6rper oft den Preis. COVID hat uns daran erinnert, dass nachhaltiger Erfolg mit nachhaltiger Selbstf\u00fcrsorge beginnt. Und Essen \u2013 wenn es wirklich n\u00e4hrend und unwiderstehlich lecker ist \u2013 ist das einfachste \u201eVitamin\u201c, das wir jeden Tag zu uns nehmen k\u00f6nnen.<\/p><p data-start=\"830\" data-end=\"1049\">Das \u201eUncle &amp; Aunty House\u201c entstand aus dieser Erkenntnis.<br data-start=\"881\" data-end=\"884\" \/>Wir haben zeitbew\u00e4hrte \u201eEssen als Medizin\u201c-Rezepte gesammelt, die \u00fcber Generationen weitergegeben wurden, und sie f\u00fcr moderne Lebensstile, Ern\u00e4hrungsbed\u00fcrfnisse und engere Zeitpl\u00e4ne neu interpretiert.<\/p><p data-start=\"1051\" data-end=\"1319\">Jedes Gericht hier ist wie ein sanftes Rezept gestaltet \u2013 ausgewogene Kr\u00e4uter, achtsame Kochmethoden und Portionen, die Ihren Darm, Ihr Herz und Ihr seelisches Wohlbefinden unterst\u00fctzen.<br data-start=\"1210\" data-end=\"1213\" \/>Wir verzichten niemals auf Geschmack. Freuen Sie sich auf kr\u00e4ftige thail\u00e4ndische Aromen, farbenfrohes Anrichten und die wohltuende W\u00e4rme hausgemachter K\u00fcche.<\/p><p data-start=\"1321\" data-end=\"1451\">Und Lernen ist immer Teil der Mahlzeit. Die G\u00e4ste gehen mit vollen B\u00e4uchen und n\u00fctzlichem Wellness-Wissen nach Hause, das sie zu Hause anwenden k\u00f6nnen.<\/p><blockquote data-start=\"1453\" data-end=\"1573\"><p data-start=\"1455\" data-end=\"1573\">\"Gut essen, gut leben, Weisheit teilen.\u201c<br data-start=\"1495\" data-end=\"1498\" \/>\u2014 Unser Leitmantra in jedem Kurs, jedem Catering-Men\u00fc und jedem Wellness-Retreat.<\/p><\/blockquote>\t\t\t\t\t\t\t\t<\/div>\n\t\t\t\t<\/div>\n\t\t\t\t\t<\/div>\n\t\t\t\t<\/div>\n\t\t<div class=\"elementor-element elementor-element-1124688f e-flex e-con-boxed e-con e-parent\" data-id=\"1124688f\" data-element_type=\"container\">\n\t\t\t\t\t<div class=\"e-con-inner\">\n\t\t\t\t<div class=\"elementor-element elementor-element-74d6d76e elementor-widget elementor-widget-text-editor\" data-id=\"74d6d76e\" data-element_type=\"widget\" data-widget_type=\"text-editor.default\">\n\t\t\t\t<div class=\"elementor-widget-container\">\n\t\t\t\t\t\t\t\t\t&nbsp;\n\nUm zu sehen, was wir diese Woche kochen, besuchen Sie unser  \n<a href=\"https:\/\/www.uncleandauntyhouse.com\/de\/weekly-menu\/\">W\u00f6chentliches Men\u00fc<\/a> Seite\n\t\t\t\t\t\t\t\t<\/div>\n\t\t\t\t<\/div>\n\t\t\t\t\t<\/div>\n\t\t\t\t<\/div>\n\t\t<div class=\"elementor-element elementor-element-d2b38a9 e-flex e-con-boxed e-con e-parent\" data-id=\"d2b38a9\" data-element_type=\"container\">\n\t\t\t\t\t<div class=\"e-con-inner\">\n\t\t<div class=\"elementor-element elementor-element-941a82a e-con-full e-flex e-con e-child\" data-id=\"941a82a\" data-element_type=\"container\">\n\t\t\t\t<div class=\"elementor-element elementor-element-9768a65 elementor-widget elementor-widget-image\" data-id=\"9768a65\" data-element_type=\"widget\" data-widget_type=\"image.default\">\n\t\t\t\t<div class=\"elementor-widget-container\">\n\t\t\t\t\t\t\t\t\t\t\t\t\t\t\t<img fetchpriority=\"high\" decoding=\"async\" width=\"790\" height=\"1024\" src=\"https:\/\/www.uncleandauntyhouse.com\/wp-content\/uploads\/2024\/10\/Uncle-and-Aunty-790x1024.jpg\" class=\"attachment-large size-large wp-image-537\" alt=\"\" srcset=\"https:\/\/www.uncleandauntyhouse.com\/wp-content\/uploads\/2024\/10\/Uncle-and-Aunty-790x1024.jpg 790w, https:\/\/www.uncleandauntyhouse.com\/wp-content\/uploads\/2024\/10\/Uncle-and-Aunty-600x777.jpg 600w, https:\/\/www.uncleandauntyhouse.com\/wp-content\/uploads\/2024\/10\/Uncle-and-Aunty-232x300.jpg 232w, https:\/\/www.uncleandauntyhouse.com\/wp-content\/uploads\/2024\/10\/Uncle-and-Aunty-768x995.jpg 768w, https:\/\/www.uncleandauntyhouse.com\/wp-content\/uploads\/2024\/10\/Uncle-and-Aunty-1186x1536.jpg 1186w, https:\/\/www.uncleandauntyhouse.com\/wp-content\/uploads\/2024\/10\/Uncle-and-Aunty.jpg 1326w\" sizes=\"(max-width: 790px) 100vw, 790px\" \/>\t\t\t\t\t\t\t\t\t\t\t\t\t\t\t<\/div>\n\t\t\t\t<\/div>\n\t\t\t\t<\/div>\n\t\t<div class=\"elementor-element elementor-element-8a68439 e-con-full e-flex e-con e-child\" data-id=\"8a68439\" data-element_type=\"container\">\n\t\t\t\t<\/div>\n\t\t<div class=\"elementor-element elementor-element-8b76232 e-con-full e-flex e-con e-child\" data-id=\"8b76232\" data-element_type=\"container\">\n\t\t\t\t<\/div>\n\t\t<div class=\"elementor-element elementor-element-1b21e63 e-con-full e-flex e-con e-child\" data-id=\"1b21e63\" data-element_type=\"container\">\n\t\t\t\t<\/div>\n\t\t<div class=\"elementor-element elementor-element-9460d60 e-con-full e-flex e-con e-child\" data-id=\"9460d60\" data-element_type=\"container\">\n\t\t\t\t<\/div>\n\t\t<div class=\"elementor-element elementor-element-8dd35e0 e-con-full e-flex e-con e-child\" data-id=\"8dd35e0\" data-element_type=\"container\">\n\t\t\t\t<\/div>\n\t\t\t\t\t<\/div>\n\t\t\t\t<\/div>\n\t\t\t\t<\/div>","protected":false},"excerpt":{"rendered":"<p>Why We Cook the Way We DoWhen business gets fierce, our bodies often pay the price. COVID reminded us that sustainable success starts with sustainable self-care. And food \u2014 when truly nourishing and irresistibly tasty \u2014 is the easiest vitamin we can take every day.&nbsp;<a class=\"read-more\" href=\"https:\/\/www.uncleandauntyhouse.com\/de\/about-us\/\">&hellip;<\/a><\/p>","protected":false},"author":1,"featured_media":44,"parent":0,"menu_order":0,"comment_status":"closed","ping_status":"closed","template":"","meta":{"footnotes":""},"class_list":["post-89","page","type-page","status-publish","has-post-thumbnail","hentry"],"_links":{"self":[{"href":"https:\/\/www.uncleandauntyhouse.com\/de\/wp-json\/wp\/v2\/pages\/89","targetHints":{"allow":["GET"]}}],"collection":[{"href":"https:\/\/www.uncleandauntyhouse.com\/de\/wp-json\/wp\/v2\/pages"}],"about":[{"href":"https:\/\/www.uncleandauntyhouse.com\/de\/wp-json\/wp\/v2\/types\/page"}],"author":[{"embeddable":true,"href":"https:\/\/www.uncleandauntyhouse.com\/de\/wp-json\/wp\/v2\/users\/1"}],"replies":[{"embeddable":true,"href":"https:\/\/www.uncleandauntyhouse.com\/de\/wp-json\/wp\/v2\/comments?post=89"}],"version-history":[{"count":50,"href":"https:\/\/www.uncleandauntyhouse.com\/de\/wp-json\/wp\/v2\/pages\/89\/revisions"}],"predecessor-version":[{"id":1374,"href":"https:\/\/www.uncleandauntyhouse.com\/de\/wp-json\/wp\/v2\/pages\/89\/revisions\/1374"}],"wp:featuredmedia":[{"embeddable":true,"href":"https:\/\/www.uncleandauntyhouse.com\/de\/wp-json\/wp\/v2\/media\/44"}],"wp:attachment":[{"href":"https:\/\/www.uncleandauntyhouse.com\/de\/wp-json\/wp\/v2\/media?parent=89"}],"curies":[{"name":"wp","href":"https:\/\/api.w.org\/{rel}","templated":true}]}}